{"id":301,"date":"2022-04-25T11:48:24","date_gmt":"2022-04-25T11:48:24","guid":{"rendered":"https:\/\/mgalaxy.com\/helpcenter\/accueil\/"},"modified":"2022-05-10T13:39:57","modified_gmt":"2022-05-10T13:39:57","slug":"accueil","status":"publish","type":"page","link":"https:\/\/mgalaxy.com\/helpcenter\/fr\/","title":{"rendered":"Accueil"},"content":{"rendered":"\t\t<div data-elementor-type=\"wp-page\" data-elementor-id=\"301\" class=\"elementor elementor-301 elementor-190\" data-elementor-post-type=\"page\">\n\t\t\t\t\t\t<section class=\"elementor-section elementor-top-section elementor-element elementor-element-ac36542 elementor-section-boxed elementor-section-height-default elementor-section-height-default\" data-id=\"ac36542\" data-element_type=\"section\" data-e-type=\"section\" data-settings=\"{&quot;background_background&quot;:&quot;classic&quot;}\">\n\t\t\t\t\t\t<div class=\"elementor-container elementor-column-gap-default\">\n\t\t\t\t\t<div class=\"elementor-column elementor-col-100 elementor-top-column elementor-element elementor-element-ff003ee\" data-id=\"ff003ee\" data-element_type=\"column\" data-e-type=\"column\" data-settings=\"{&quot;background_background&quot;:&quot;classic&quot;}\">\n\t\t\t<div class=\"elementor-widget-wrap elementor-element-populated\">\n\t\t\t\t\t\t<div class=\"elementor-element elementor-element-e8e0670 elementor-grid-3 elementor-grid-tablet-2 elementor-grid-mobile-1 elementor-widget elementor-widget-betterdocs-category-grid\" data-id=\"e8e0670\" data-element_type=\"widget\" data-e-type=\"widget\" data-settings=\"{&quot;grid_column&quot;:&quot;3&quot;,&quot;grid_column_tablet&quot;:&quot;2&quot;,&quot;grid_column_mobile&quot;:&quot;1&quot;}\" data-widget_type=\"betterdocs-category-grid.default\">\n\t\t\t\t\t\n<div\n\tid=\"el-betterdocs-cat-grid-e8e0670\" class=\"betterdocs-category-grid-wrapper betterdocs-elementor\">\n\t<div\n\t\tclass=\"betterdocs-category-grid-inner-wrapper betterdocs-category-grid grid layout-flex\" data-layout-mode=\"grid\" data-column_space_desktop=\"\" data-column_space_tab=\"\" data-column_space_mobile=\"\" data-column=\"3\" data-column_desktop=\"3\" data-column_tab=\"2\" data-column_mobile=\"1\">\n\t\t\n<article\n\tdata-id=\"22\" class=\"betterdocs-single-category-wrapper category-grid default\">\n\t<div class=\"betterdocs-single-category-inner\">\n\t\t\n<div class=\"betterdocs-category-header\">\n\t<div class=\"betterdocs-category-header-inner\">\n\t\t\n<div class=\"betterdocs-category-icon\">\n\t<img decoding=\"async\" alt=\"\" class=\"betterdocs-category-icon-img\" src=\"https:\/\/mgalaxy.com\/helpcenter\/wp-content\/uploads\/icon.png\" \/><\/div>\n<h2 class=\"betterdocs-category-title\">mGalaxy<\/h2>\t<\/div>\n<\/div>\n<div class=\"betterdocs-body\">\n<ul class=\"betterdocs-articles-list\">\n\t<li><i class=\"far fa-file-alt\"><\/i><a href=\"https:\/\/mgalaxy.com\/helpcenter\/fr\/docs\/apercu-des-panneaux\/\"><span>Aper\u00e7u des panneaux<\/span> <\/a><\/li><li><i class=\"far fa-file-alt\"><\/i><a href=\"https:\/\/mgalaxy.com\/helpcenter\/fr\/docs\/etiquetage-des-jeux\/\"><span>\u00c9tiquetage des jeux<\/span> <\/a><\/li><li><i class=\"far fa-file-alt\"><\/i><a href=\"https:\/\/mgalaxy.com\/helpcenter\/fr\/docs\/navigation-dans-la-liste-des-jeux-et-les-panneaux\/\"><span>Navigation dans la liste des jeux et les panneaux<\/span> <\/a><\/li><li><i class=\"far fa-file-alt\"><\/i><a href=\"https:\/\/mgalaxy.com\/helpcenter\/fr\/docs\/portabilite\/\"><span>Portabilit\u00e9<\/span> <\/a><\/li><li><i class=\"far fa-file-alt\"><\/i><a href=\"https:\/\/mgalaxy.com\/helpcenter\/fr\/docs\/pour-commencer\/\"><span>Pour commencer<\/span> <\/a><\/li><li><i class=\"far fa-file-alt\"><\/i><a href=\"https:\/\/mgalaxy.com\/helpcenter\/fr\/docs\/retroachievements\/\"><span>RetroAchievements<\/span> <\/a><\/li><li><i class=\"far fa-file-alt\"><\/i><a href=\"https:\/\/mgalaxy.com\/helpcenter\/fr\/docs\/trouver-un-jeu-par-une-partie-de-son-nom\/\"><span>Trouver un jeu par une partie de son nom<\/span> <\/a><\/li><\/ul>\n<\/div>\t<\/div>\n<\/article>\n\n<article\n\tdata-id=\"20\" class=\"betterdocs-single-category-wrapper category-grid default\">\n\t<div class=\"betterdocs-single-category-inner\">\n\t\t\n<div class=\"betterdocs-category-header\">\n\t<div class=\"betterdocs-category-header-inner\">\n\t\t\n<div class=\"betterdocs-category-icon\">\n\t<img decoding=\"async\" alt=\"betterdocs-category-icon\" class=\"betterdocs-category-icon-img\" src=\"https:\/\/mgalaxy.com\/helpcenter\/wp-content\/plugins\/betterdocs\/assets\/admin\/images\/betterdocs-cat-icon.svg?v=4.3.7\" \/><\/div>\n<h2 class=\"betterdocs-category-title\">Utilisation avanc\u00e9e<\/h2>\t<\/div>\n<\/div>\n<div class=\"betterdocs-body\">\n<ul class=\"betterdocs-articles-list\">\n\t<li><i class=\"far fa-file-alt\"><\/i><a href=\"https:\/\/mgalaxy.com\/helpcenter\/fr\/docs\/ajout-dun-script-pour-seconder-un-emulateur\/\"><span>Ajout d&rsquo;un script pour seconder un \u00e9mulateur<\/span> <\/a><\/li><li><i class=\"far fa-file-alt\"><\/i><a href=\"https:\/\/mgalaxy.com\/helpcenter\/fr\/docs\/ajout-edition-dune-definition-dun-emulateur\/\"><span>Ajout\/Edition d&rsquo;une definition d&rsquo;un \u00e9mulateur<\/span> <\/a><\/li><li><i class=\"far fa-file-alt\"><\/i><a href=\"https:\/\/mgalaxy.com\/helpcenter\/fr\/docs\/ajout-edition-dune-definition-dun-systeme\/\"><span>Ajout\/Edition d&rsquo;une definition d&rsquo;un syst\u00e8me<\/span> <\/a><\/li><li><i class=\"far fa-file-alt\"><\/i><a href=\"https:\/\/mgalaxy.com\/helpcenter\/fr\/docs\/reglages-caches\/\"><span>R\u00e9glages cach\u00e9s<\/span> <\/a><\/li><\/ul>\n<\/div>\t<\/div>\n<\/article>\n\n<article\n\tdata-id=\"21\" class=\"betterdocs-single-category-wrapper category-grid default\">\n\t<div class=\"betterdocs-single-category-inner\">\n\t\t\n<div class=\"betterdocs-category-header\">\n\t<div class=\"betterdocs-category-header-inner\">\n\t\t\n<div class=\"betterdocs-category-icon\">\n\t<img decoding=\"async\" alt=\"betterdocs-category-icon\" class=\"betterdocs-category-icon-img\" src=\"https:\/\/mgalaxy.com\/helpcenter\/wp-content\/plugins\/betterdocs\/assets\/admin\/images\/betterdocs-cat-icon.svg?v=4.3.7\" \/><\/div>\n<h2 class=\"betterdocs-category-title\">mGalaxy_Runway<\/h2>\t<\/div>\n<\/div>\n<div class=\"betterdocs-body\">\n<ul class=\"betterdocs-articles-list\">\n\t<li><i class=\"far fa-file-alt\"><\/i><a href=\"https:\/\/mgalaxy.com\/helpcenter\/fr\/docs\/ajout-de-medias-a-la-base-de-donnees\/\"><span>Ajout de m\u00e9dias \u00e0 la base de donn\u00e9es<\/span> <\/a><\/li><li><i class=\"far fa-file-alt\"><\/i><a href=\"https:\/\/mgalaxy.com\/helpcenter\/fr\/docs\/creation-dun-systeme\/\"><span>Cr\u00e9ation d&rsquo;un syst\u00e8me<\/span> <\/a><\/li><li><i class=\"far fa-file-alt\"><\/i><a href=\"https:\/\/mgalaxy.com\/helpcenter\/fr\/docs\/etiquetage-des-jeux\/\"><span>\u00c9tiquetage des jeux<\/span> <\/a><\/li><li><i class=\"far fa-file-alt\"><\/i><a href=\"https:\/\/mgalaxy.com\/helpcenter\/fr\/docs\/longlet-edition-bd-explique\/\"><span>L&rsquo;onglet \u00ab\u00a0Edition BD\u00a0\u00bb expliqu\u00e9<\/span> <\/a><\/li><li><i class=\"far fa-file-alt\"><\/i><a href=\"https:\/\/mgalaxy.com\/helpcenter\/fr\/docs\/longlet-emulateurs-explique\/\"><span>L&rsquo;onglet \u00ab\u00a0Emulateurs\u00a0\u00bb expliqu\u00e9<\/span> <\/a><\/li><li><i class=\"far fa-file-alt\"><\/i><a href=\"https:\/\/mgalaxy.com\/helpcenter\/fr\/docs\/longlet-groupes-intelligents-explique\/\"><span>L&rsquo;onglet \u00ab\u00a0Groupes intelligents\u00a0\u00bb expliqu\u00e9<\/span> <\/a><\/li><li><i class=\"far fa-file-alt\"><\/i><a href=\"https:\/\/mgalaxy.com\/helpcenter\/fr\/docs\/longlet-db-update-explique\/\"><span>L&rsquo;onglet \u00ab\u00a0Mise \u00e0 jour BD\u00a0\u00bb expliqu\u00e9<\/span> <\/a><\/li><li><i class=\"far fa-file-alt\"><\/i><a href=\"https:\/\/mgalaxy.com\/helpcenter\/fr\/docs\/longlet-systemes-explique\/\"><span>L&rsquo;onglet \u00ab\u00a0Syst\u00e8mes\u00a0\u00bb expliqu\u00e9<\/span> <\/a><\/li><li><i class=\"far fa-file-alt\"><\/i><a href=\"https:\/\/mgalaxy.com\/helpcenter\/fr\/docs\/portabilite\/\"><span>Portabilit\u00e9<\/span> <\/a><\/li><li><i class=\"far fa-file-alt\"><\/i><a href=\"https:\/\/mgalaxy.com\/helpcenter\/fr\/docs\/pour-commencer\/\"><span>Pour commencer<\/span> <\/a><\/li><li><i class=\"far fa-file-alt\"><\/i><a href=\"https:\/\/mgalaxy.com\/helpcenter\/fr\/docs\/retroachievements\/\"><span>RetroAchievements<\/span> <\/a><\/li><\/ul>\n<\/div>\t<\/div>\n<\/article>\n\t<\/div>\n\t\t<div class=\"clearfix\"><\/div>\n\t<\/div>\n\t\t\t\t<\/div>\n\t\t\t\t\t<\/div>\n\t\t<\/div>\n\t\t\t\t\t<\/div>\n\t\t<\/section>\n\t\t\t\t<\/div>\n\t\t","protected":false},"excerpt":{"rendered":"<p>mGalaxy Finding a game by part of its name Getting started Navigating the game list and panels Panels overview Portability Tagging games mGalaxy_Runway Adding media to the database Creating a system Getting started Portability Tagging games The &#8220;DB Edit&#8221; tab explained The &#8220;DB Update&#8221; tab explained The &#8220;Emulators&#8221; tab explained The &#8220;Smart Groups&#8221; tab explained [&hellip;]<\/p>\n","protected":false},"author":1,"featured_media":0,"parent":0,"menu_order":0,"comment_status":"closed","ping_status":"closed","template":"","meta":{"footnotes":""},"class_list":["post-301","page","type-page","status-publish","hentry"],"yoast_head":"<!-- This site is optimized with the Yoast SEO Premium plugin v25.3.1 (Yoast SEO v27.0) - https:\/\/yoast.com\/product\/yoast-seo-premium-wordpress\/ -->\n<title>Accueil - HELP CENTER<\/title>\n<meta name=\"robots\" content=\"index, follow, max-snippet:-1, max-image-preview:large, max-video-preview:-1\" \/>\n<link rel=\"canonical\" href=\"https:\/\/mgalaxy.com\/helpcenter\/fr\/\" \/>\n<meta property=\"og:locale\" content=\"fr_FR\" \/>\n<meta property=\"og:type\" content=\"article\" \/>\n<meta property=\"og:title\" content=\"Accueil\" \/>\n<meta property=\"og:description\" content=\"mGalaxy Finding a game by part of its name Getting started Navigating the game list and panels Panels overview Portability Tagging games mGalaxy_Runway Adding media to the database Creating a system Getting started Portability Tagging games The &#8220;DB Edit&#8221; tab explained The &#8220;DB Update&#8221; tab explained The &#8220;Emulators&#8221; tab explained The &#8220;Smart Groups&#8221; tab explained [&hellip;]\" \/>\n<meta property=\"og:url\" content=\"https:\/\/mgalaxy.com\/helpcenter\/fr\/\" \/>\n<meta property=\"og:site_name\" content=\"HELP CENTER\" \/>\n<meta property=\"article:publisher\" content=\"https:\/\/www.facebook.com\/mgalaxyFE\" \/>\n<meta property=\"article:modified_time\" content=\"2022-05-10T13:39:57+00:00\" \/>\n<meta property=\"og:image\" content=\"https:\/\/mgalaxy.com\/helpcenter\/wp-content\/uploads\/icon.png\" \/>\n<meta name=\"twitter:card\" content=\"summary_large_image\" \/>\n<meta name=\"twitter:site\" content=\"@mGalaxyFE\" \/>\n<script type=\"application\/ld+json\" class=\"yoast-schema-graph\">{\"@context\":\"https:\/\/schema.org\",\"@graph\":[{\"@type\":\"WebPage\",\"@id\":\"https:\/\/mgalaxy.com\/helpcenter\/fr\/\",\"url\":\"https:\/\/mgalaxy.com\/helpcenter\/fr\/\",\"name\":\"Accueil - HELP CENTER\",\"isPartOf\":{\"@id\":\"https:\/\/mgalaxy.com\/helpcenter\/fr\/#website\"},\"primaryImageOfPage\":{\"@id\":\"https:\/\/mgalaxy.com\/helpcenter\/fr\/#primaryimage\"},\"image\":{\"@id\":\"https:\/\/mgalaxy.com\/helpcenter\/fr\/#primaryimage\"},\"thumbnailUrl\":\"https:\/\/mgalaxy.com\/helpcenter\/wp-content\/uploads\/icon.png\",\"datePublished\":\"2022-04-25T11:48:24+00:00\",\"dateModified\":\"2022-05-10T13:39:57+00:00\",\"breadcrumb\":{\"@id\":\"https:\/\/mgalaxy.com\/helpcenter\/fr\/#breadcrumb\"},\"inLanguage\":\"fr-FR\",\"potentialAction\":[{\"@type\":\"ReadAction\",\"target\":[\"https:\/\/mgalaxy.com\/helpcenter\/fr\/\"]}]},{\"@type\":\"ImageObject\",\"inLanguage\":\"fr-FR\",\"@id\":\"https:\/\/mgalaxy.com\/helpcenter\/fr\/#primaryimage\",\"url\":\"https:\/\/mgalaxy.com\/helpcenter\/wp-content\/uploads\/icon.png\",\"contentUrl\":\"https:\/\/mgalaxy.com\/helpcenter\/wp-content\/uploads\/icon.png\"},{\"@type\":\"BreadcrumbList\",\"@id\":\"https:\/\/mgalaxy.com\/helpcenter\/fr\/#breadcrumb\",\"itemListElement\":[{\"@type\":\"ListItem\",\"position\":1,\"name\":\"Home\",\"item\":\"https:\/\/mgalaxy.com\/helpcenter\/fr\/\"},{\"@type\":\"ListItem\",\"position\":2,\"name\":\"Accueil\"}]},{\"@type\":\"WebSite\",\"@id\":\"https:\/\/mgalaxy.com\/helpcenter\/fr\/#website\",\"url\":\"https:\/\/mgalaxy.com\/helpcenter\/fr\/\",\"name\":\"HELP CENTER\",\"description\":\"mGalaxy help, documentation, tutorials, faq, knowledge base\",\"publisher\":{\"@id\":\"https:\/\/mgalaxy.com\/helpcenter\/fr\/#organization\"},\"potentialAction\":[{\"@type\":\"SearchAction\",\"target\":{\"@type\":\"EntryPoint\",\"urlTemplate\":\"https:\/\/mgalaxy.com\/helpcenter\/fr\/?s={search_term_string}\"},\"query-input\":{\"@type\":\"PropertyValueSpecification\",\"valueRequired\":true,\"valueName\":\"search_term_string\"}}],\"inLanguage\":\"fr-FR\"},{\"@type\":\"Organization\",\"@id\":\"https:\/\/mgalaxy.com\/helpcenter\/fr\/#organization\",\"name\":\"mGalaxy\",\"url\":\"https:\/\/mgalaxy.com\/helpcenter\/fr\/\",\"logo\":{\"@type\":\"ImageObject\",\"inLanguage\":\"fr-FR\",\"@id\":\"https:\/\/mgalaxy.com\/helpcenter\/fr\/#\/schema\/logo\/image\/\",\"url\":\"https:\/\/mgalaxy.com\/helpcenter\/wp-content\/uploads\/logo_blue.png\",\"contentUrl\":\"https:\/\/mgalaxy.com\/helpcenter\/wp-content\/uploads\/logo_blue.png\",\"width\":256,\"height\":88,\"caption\":\"mGalaxy\"},\"image\":{\"@id\":\"https:\/\/mgalaxy.com\/helpcenter\/fr\/#\/schema\/logo\/image\/\"},\"sameAs\":[\"https:\/\/www.facebook.com\/mgalaxyFE\",\"https:\/\/x.com\/mGalaxyFE\",\"https:\/\/www.instagram.com\/mgalaxyfe\/\",\"https:\/\/www.youtube.com\/user\/mGalaxyFE\"]}]}<\/script>\n<!-- \/ Yoast SEO Premium plugin. -->","yoast_head_json":{"title":"Accueil - HELP CENTER","robots":{"index":"index","follow":"follow","max-snippet":"max-snippet:-1","max-image-preview":"max-image-preview:large","max-video-preview":"max-video-preview:-1"},"canonical":"https:\/\/mgalaxy.com\/helpcenter\/fr\/","og_locale":"fr_FR","og_type":"article","og_title":"Accueil","og_description":"mGalaxy Finding a game by part of its name Getting started Navigating the game list and panels Panels overview Portability Tagging games mGalaxy_Runway Adding media to the database Creating a system Getting started Portability Tagging games The &#8220;DB Edit&#8221; tab explained The &#8220;DB Update&#8221; tab explained The &#8220;Emulators&#8221; tab explained The &#8220;Smart Groups&#8221; tab explained [&hellip;]","og_url":"https:\/\/mgalaxy.com\/helpcenter\/fr\/","og_site_name":"HELP CENTER","article_publisher":"https:\/\/www.facebook.com\/mgalaxyFE","article_modified_time":"2022-05-10T13:39:57+00:00","og_image":[{"url":"https:\/\/mgalaxy.com\/helpcenter\/wp-content\/uploads\/icon.png","type":"","width":"","height":""}],"twitter_card":"summary_large_image","twitter_site":"@mGalaxyFE","schema":{"@context":"https:\/\/schema.org","@graph":[{"@type":"WebPage","@id":"https:\/\/mgalaxy.com\/helpcenter\/fr\/","url":"https:\/\/mgalaxy.com\/helpcenter\/fr\/","name":"Accueil - HELP CENTER","isPartOf":{"@id":"https:\/\/mgalaxy.com\/helpcenter\/fr\/#website"},"primaryImageOfPage":{"@id":"https:\/\/mgalaxy.com\/helpcenter\/fr\/#primaryimage"},"image":{"@id":"https:\/\/mgalaxy.com\/helpcenter\/fr\/#primaryimage"},"thumbnailUrl":"https:\/\/mgalaxy.com\/helpcenter\/wp-content\/uploads\/icon.png","datePublished":"2022-04-25T11:48:24+00:00","dateModified":"2022-05-10T13:39:57+00:00","breadcrumb":{"@id":"https:\/\/mgalaxy.com\/helpcenter\/fr\/#breadcrumb"},"inLanguage":"fr-FR","potentialAction":[{"@type":"ReadAction","target":["https:\/\/mgalaxy.com\/helpcenter\/fr\/"]}]},{"@type":"ImageObject","inLanguage":"fr-FR","@id":"https:\/\/mgalaxy.com\/helpcenter\/fr\/#primaryimage","url":"https:\/\/mgalaxy.com\/helpcenter\/wp-content\/uploads\/icon.png","contentUrl":"https:\/\/mgalaxy.com\/helpcenter\/wp-content\/uploads\/icon.png"},{"@type":"BreadcrumbList","@id":"https:\/\/mgalaxy.com\/helpcenter\/fr\/#breadcrumb","itemListElement":[{"@type":"ListItem","position":1,"name":"Home","item":"https:\/\/mgalaxy.com\/helpcenter\/fr\/"},{"@type":"ListItem","position":2,"name":"Accueil"}]},{"@type":"WebSite","@id":"https:\/\/mgalaxy.com\/helpcenter\/fr\/#website","url":"https:\/\/mgalaxy.com\/helpcenter\/fr\/","name":"HELP CENTER","description":"mGalaxy help, documentation, tutorials, faq, knowledge base","publisher":{"@id":"https:\/\/mgalaxy.com\/helpcenter\/fr\/#organization"},"potentialAction":[{"@type":"SearchAction","target":{"@type":"EntryPoint","urlTemplate":"https:\/\/mgalaxy.com\/helpcenter\/fr\/?s={search_term_string}"},"query-input":{"@type":"PropertyValueSpecification","valueRequired":true,"valueName":"search_term_string"}}],"inLanguage":"fr-FR"},{"@type":"Organization","@id":"https:\/\/mgalaxy.com\/helpcenter\/fr\/#organization","name":"mGalaxy","url":"https:\/\/mgalaxy.com\/helpcenter\/fr\/","logo":{"@type":"ImageObject","inLanguage":"fr-FR","@id":"https:\/\/mgalaxy.com\/helpcenter\/fr\/#\/schema\/logo\/image\/","url":"https:\/\/mgalaxy.com\/helpcenter\/wp-content\/uploads\/logo_blue.png","contentUrl":"https:\/\/mgalaxy.com\/helpcenter\/wp-content\/uploads\/logo_blue.png","width":256,"height":88,"caption":"mGalaxy"},"image":{"@id":"https:\/\/mgalaxy.com\/helpcenter\/fr\/#\/schema\/logo\/image\/"},"sameAs":["https:\/\/www.facebook.com\/mgalaxyFE","https:\/\/x.com\/mGalaxyFE","https:\/\/www.instagram.com\/mgalaxyfe\/","https:\/\/www.youtube.com\/user\/mGalaxyFE"]}]}},"_links":{"self":[{"href":"https:\/\/mgalaxy.com\/helpcenter\/fr\/wp-json\/wp\/v2\/pages\/301","targetHints":{"allow":["GET"]}}],"collection":[{"href":"https:\/\/mgalaxy.com\/helpcenter\/fr\/wp-json\/wp\/v2\/pages"}],"about":[{"href":"https:\/\/mgalaxy.com\/helpcenter\/fr\/wp-json\/wp\/v2\/types\/page"}],"author":[{"embeddable":true,"href":"https:\/\/mgalaxy.com\/helpcenter\/fr\/wp-json\/wp\/v2\/users\/1"}],"replies":[{"embeddable":true,"href":"https:\/\/mgalaxy.com\/helpcenter\/fr\/wp-json\/wp\/v2\/comments?post=301"}],"version-history":[{"count":15,"href":"https:\/\/mgalaxy.com\/helpcenter\/fr\/wp-json\/wp\/v2\/pages\/301\/revisions"}],"predecessor-version":[{"id":1627,"href":"https:\/\/mgalaxy.com\/helpcenter\/fr\/wp-json\/wp\/v2\/pages\/301\/revisions\/1627"}],"wp:attachment":[{"href":"https:\/\/mgalaxy.com\/helpcenter\/fr\/wp-json\/wp\/v2\/media?parent=301"}],"curies":[{"name":"wp","href":"https:\/\/api.w.org\/{rel}","templated":true}]}}